{"id":10,"date":"2020-09-02T10:52:35","date_gmt":"2020-09-02T10:52:35","guid":{"rendered":"https:\/\/osg-base-theme.web5.osg.fi\/?page_id=10"},"modified":"2020-09-02T10:52:35","modified_gmt":"2020-09-02T10:52:35","slug":"etusivu","status":"publish","type":"page","link":"https:\/\/osg-base-theme.web5.osg.fi\/","title":{"rendered":"Etusivu"},"content":{"rendered":"<h1>H1 otsikko<\/h1>\n<h2>H2 otsikko<\/h2>\n<h3>H3 otsikko<\/h3>\n<h4>H4 otsikko<\/h4>\n<h5>H5 otsikko<\/h5>\n<p>Testi sis\u00e4lt\u00f6\u00e4 ja sellasta jee jee <a href=\"\/#\">linkki<\/a><br \/>\nshift rivin vaihto<\/p>\n<p>kunnon rivin vaihto<\/p>\n<ul>\n<li>bullet lista<\/li>\n<li>item 2<\/li>\n<\/ul>\n<p>Boldia <strong>teksitl\u00e4<\/strong><\/p>\n<p>ja <em>ingressi\u00e4<\/em><\/p>\n","protected":false},"excerpt":{"rendered":"<p>H1 otsikko H2 otsikko H3 otsikko H4 otsikko H5 otsikko Testi sis\u00e4lt\u00f6\u00e4 ja sellasta jee jee linkki shift rivin vaihto kunnon rivin vaihto bullet lista item 2 Boldia teksitl\u00e4 ja ingressi\u00e4<\/p>\n","protected":false},"author":2,"featured_media":0,"parent":0,"menu_order":0,"comment_status":"closed","ping_status":"closed","template":"","meta":[],"_links":{"self":[{"href":"https:\/\/osg-base-theme.web5.osg.fi\/index.php\/wp-json\/wp\/v2\/pages\/10"}],"collection":[{"href":"https:\/\/osg-base-theme.web5.osg.fi\/index.php\/wp-json\/wp\/v2\/pages"}],"about":[{"href":"https:\/\/osg-base-theme.web5.osg.fi\/index.php\/wp-json\/wp\/v2\/types\/page"}],"author":[{"embeddable":true,"href":"https:\/\/osg-base-theme.web5.osg.fi\/index.php\/wp-json\/wp\/v2\/users\/2"}],"replies":[{"embeddable":true,"href":"https:\/\/osg-base-theme.web5.osg.fi\/index.php\/wp-json\/wp\/v2\/comments?post=10"}],"version-history":[{"count":1,"href":"https:\/\/osg-base-theme.web5.osg.fi\/index.php\/wp-json\/wp\/v2\/pages\/10\/revisions"}],"predecessor-version":[{"id":11,"href":"https:\/\/osg-base-theme.web5.osg.fi\/index.php\/wp-json\/wp\/v2\/pages\/10\/revisions\/11"}],"wp:attachment":[{"href":"https:\/\/osg-base-theme.web5.osg.fi\/index.php\/wp-json\/wp\/v2\/media?parent=10"}],"curies":[{"name":"wp","href":"https:\/\/api.w.org\/{rel}","templated":true}]}}